{"id":50,"date":"2026-03-10T14:45:13","date_gmt":"2026-03-10T13:45:13","guid":{"rendered":"https:\/\/www.nuclearenergy.sk\/o-nas\/"},"modified":"2026-03-15T20:39:52","modified_gmt":"2026-03-15T19:39:52","slug":"o-nas","status":"publish","type":"page","link":"https:\/\/www.nuclearenergy.sk\/en\/o-nas\/","title":{"rendered":"About us"},"content":{"rendered":"<div class=\"wp-block-group alignfull is-style-ext-preset--group--natural-1--section has-background-background-color has-background has-global-padding is-layout-constrained wp-container-core-group-is-layout-6714b1d7 wp-block-group-is-layout-constrained is-style-ext-preset--group--natural-1--section--1\" id=\"about\" style=\"margin-top:0;margin-bottom:0;padding-top:var(--wp--preset--spacing--70);padding-bottom:var(--wp--preset--spacing--70)\">\n<h2 class=\"wp-block-heading has-text-align-center ext-animate--on\">Project Authors<\/h2>\n\n\n\n<p class=\"has-text-align-center ext-animate--on\" style=\"margin-top:1.5rem\">Students from the Secondary Industrial School of Transport in Zvolen worked on this project with the help of their teacher, Valent\u00edna Kalju\u017ena.<\/p>\n\n\n\n<h2 class=\"wp-block-heading has-text-align-center ext-animate--on\">Sebasti\u00e1n Mlynar\u010d\u00edk<\/h2>\n\n\n\n<div class=\"wp-block-columns alignwide is-layout-flex wp-container-core-columns-is-layout-28f84493 wp-block-columns-is-layout-flex\">\n<div class=\"wp-block-column ext-animate--on is-layout-flow wp-block-column-is-layout-flow\">\n<div class=\"wp-block-cover ext-animate--on\" style=\"min-height:575px;aspect-ratio:unset;\"><img loading=\"lazy\" decoding=\"async\" width=\"1183\" height=\"2560\" class=\"wp-block-cover__image-background wp-image-185\" alt=\"\" src=\"https:\/\/www.nuclearenergy.sk\/wp-content\/uploads\/2026\/03\/20260311_153321-4-edited-scaled.jpg\" data-object-fit=\"cover\" srcset=\"https:\/\/www.nuclearenergy.sk\/wp-content\/uploads\/2026\/03\/20260311_153321-4-edited-scaled.jpg 1183w, https:\/\/www.nuclearenergy.sk\/wp-content\/uploads\/2026\/03\/20260311_153321-4-edited-139x300.jpg 139w, https:\/\/www.nuclearenergy.sk\/wp-content\/uploads\/2026\/03\/20260311_153321-4-edited-473x1024.jpg 473w, https:\/\/www.nuclearenergy.sk\/wp-content\/uploads\/2026\/03\/20260311_153321-4-edited-768x1663.jpg 768w, https:\/\/www.nuclearenergy.sk\/wp-content\/uploads\/2026\/03\/20260311_153321-4-edited-710x1536.jpg 710w, https:\/\/www.nuclearenergy.sk\/wp-content\/uploads\/2026\/03\/20260311_153321-4-edited-946x2048.jpg 946w, https:\/\/www.nuclearenergy.sk\/wp-content\/uploads\/2026\/03\/20260311_153321-4-edited-6x12.jpg 6w\" sizes=\"auto, (max-width: 1183px) 100vw, 1183px\" \/><span aria-hidden=\"true\" class=\"wp-block-cover__background has-background-dim\"><\/span><div class=\"wp-block-cover__inner-container is-layout-flow wp-block-cover-is-layout-flow\">\n<p class=\"has-text-align-center ext-animate--on has-large-font-size\"><\/p>\n<\/div><\/div>\n<\/div>\n\n\n\n<div class=\"wp-block-column ext-animate--on is-layout-flow wp-block-column-is-layout-flow\">\n<figure class=\"wp-block-image size-large is-style-ext-preset-image-natural-1-image-1--content-bottom is-style-ext-preset--image--natural-1--image-1--content-bottom is-style-ext-preset--image--natural-1--image-1--content-bottom--2\"><img loading=\"lazy\" decoding=\"async\" width=\"768\" height=\"1024\" src=\"https:\/\/www.nuclearenergy.sk\/wp-content\/uploads\/2026\/03\/649928563_2094290324704099_4085858708996723796_n-768x1024.jpg\" alt=\"\" class=\"wp-image-196\" style=\"aspect-ratio:3\/4;object-fit:cover\" srcset=\"https:\/\/www.nuclearenergy.sk\/wp-content\/uploads\/2026\/03\/649928563_2094290324704099_4085858708996723796_n-768x1024.jpg 768w, https:\/\/www.nuclearenergy.sk\/wp-content\/uploads\/2026\/03\/649928563_2094290324704099_4085858708996723796_n-225x300.jpg 225w, https:\/\/www.nuclearenergy.sk\/wp-content\/uploads\/2026\/03\/649928563_2094290324704099_4085858708996723796_n-9x12.jpg 9w, https:\/\/www.nuclearenergy.sk\/wp-content\/uploads\/2026\/03\/649928563_2094290324704099_4085858708996723796_n.jpg 864w\" sizes=\"auto, (max-width: 768px) 100vw, 768px\" \/><\/figure>\n<\/div>\n\n\n\n<div class=\"wp-block-column ext-animate--on is-layout-flow wp-block-column-is-layout-flow\">\n<figure class=\"wp-block-image size-large is-style-ext-preset-image-natural-1-image-1--content-bottom is-style-ext-preset--image--natural-1--image-1--content-bottom is-style-ext-preset--image--natural-1--image-1--content-bottom--3\"><img loading=\"lazy\" decoding=\"async\" width=\"768\" height=\"1024\" src=\"https:\/\/www.nuclearenergy.sk\/wp-content\/uploads\/2026\/03\/653661037_1359802799507998_5471872186874159127_n-768x1024.jpg\" alt=\"\" class=\"wp-image-197\" style=\"aspect-ratio:3\/4;object-fit:cover\" srcset=\"https:\/\/www.nuclearenergy.sk\/wp-content\/uploads\/2026\/03\/653661037_1359802799507998_5471872186874159127_n-768x1024.jpg 768w, https:\/\/www.nuclearenergy.sk\/wp-content\/uploads\/2026\/03\/653661037_1359802799507998_5471872186874159127_n-225x300.jpg 225w, https:\/\/www.nuclearenergy.sk\/wp-content\/uploads\/2026\/03\/653661037_1359802799507998_5471872186874159127_n-9x12.jpg 9w, https:\/\/www.nuclearenergy.sk\/wp-content\/uploads\/2026\/03\/653661037_1359802799507998_5471872186874159127_n.jpg 864w\" sizes=\"auto, (max-width: 768px) 100vw, 768px\" \/><\/figure>\n<\/div>\n<\/div>\n\n\n\n<h2 class=\"wp-block-heading has-text-align-center ext-animate--on\">Andrej S\u00e1me\u013e<\/h2>\n\n\n\n<div class=\"wp-block-columns alignwide ext-animate--on is-layout-flex wp-container-core-columns-is-layout-28f84493 wp-block-columns-is-layout-flex\">\n<div class=\"wp-block-column ext-animate--on is-layout-flow wp-block-column-is-layout-flow\">\n<div class=\"wp-block-cover ext-animate--on\" style=\"min-height:689px;aspect-ratio:unset;\"><img loading=\"lazy\" decoding=\"async\" width=\"473\" height=\"1024\" class=\"wp-block-cover__image-background wp-image-195\" alt=\"\" src=\"https:\/\/www.nuclearenergy.sk\/wp-content\/uploads\/2026\/03\/20260311_153410-1-473x1024.jpg\" data-object-fit=\"cover\" srcset=\"https:\/\/www.nuclearenergy.sk\/wp-content\/uploads\/2026\/03\/20260311_153410-1-473x1024.jpg 473w, https:\/\/www.nuclearenergy.sk\/wp-content\/uploads\/2026\/03\/20260311_153410-1-139x300.jpg 139w, https:\/\/www.nuclearenergy.sk\/wp-content\/uploads\/2026\/03\/20260311_153410-1-768x1662.jpg 768w, https:\/\/www.nuclearenergy.sk\/wp-content\/uploads\/2026\/03\/20260311_153410-1-710x1536.jpg 710w, https:\/\/www.nuclearenergy.sk\/wp-content\/uploads\/2026\/03\/20260311_153410-1-946x2048.jpg 946w, https:\/\/www.nuclearenergy.sk\/wp-content\/uploads\/2026\/03\/20260311_153410-1-6x12.jpg 6w, https:\/\/www.nuclearenergy.sk\/wp-content\/uploads\/2026\/03\/20260311_153410-1-scaled.jpg 1183w\" sizes=\"auto, (max-width: 473px) 100vw, 473px\" \/><span aria-hidden=\"true\" class=\"wp-block-cover__background has-background-dim\"><\/span><div class=\"wp-block-cover__inner-container is-layout-flow wp-block-cover-is-layout-flow\">\n<p class=\"has-text-align-center ext-animate--on has-large-font-size\"><\/p>\n<\/div><\/div>\n<\/div>\n\n\n\n<div class=\"wp-block-column ext-animate--on is-layout-flow wp-block-column-is-layout-flow\">\n<figure class=\"wp-block-image size-large is-style-ext-preset-image-natural-1-image-1--content-bottom is-style-ext-preset--image--natural-1--image-1--content-bottom ext-animate--on is-style-ext-preset--image--natural-1--image-1--content-bottom--4\"><img loading=\"lazy\" decoding=\"async\" width=\"576\" height=\"1024\" src=\"https:\/\/www.nuclearenergy.sk\/wp-content\/uploads\/2026\/03\/IMG_20260315_122812_658-576x1024.jpg\" alt=\"\" class=\"wp-image-198\" style=\"aspect-ratio:3\/4;object-fit:cover\" srcset=\"https:\/\/www.nuclearenergy.sk\/wp-content\/uploads\/2026\/03\/IMG_20260315_122812_658-576x1024.jpg 576w, https:\/\/www.nuclearenergy.sk\/wp-content\/uploads\/2026\/03\/IMG_20260315_122812_658-169x300.jpg 169w, https:\/\/www.nuclearenergy.sk\/wp-content\/uploads\/2026\/03\/IMG_20260315_122812_658-7x12.jpg 7w, https:\/\/www.nuclearenergy.sk\/wp-content\/uploads\/2026\/03\/IMG_20260315_122812_658.jpg 720w\" sizes=\"auto, (max-width: 576px) 100vw, 576px\" \/><\/figure>\n<\/div>\n\n\n\n<div class=\"wp-block-column ext-animate--on is-layout-flow wp-block-column-is-layout-flow\">\n<figure class=\"wp-block-image size-large is-style-ext-preset-image-natural-1-image-1--content-bottom is-style-ext-preset--image--natural-1--image-1--content-bottom ext-animate--on is-style-ext-preset--image--natural-1--image-1--content-bottom--5\"><img loading=\"lazy\" decoding=\"async\" width=\"768\" height=\"1024\" src=\"https:\/\/www.nuclearenergy.sk\/wp-content\/uploads\/2026\/03\/20260215_192123-768x1024.jpg\" alt=\"\" class=\"wp-image-199\" style=\"aspect-ratio:3\/4;object-fit:cover\" srcset=\"https:\/\/www.nuclearenergy.sk\/wp-content\/uploads\/2026\/03\/20260215_192123-768x1024.jpg 768w, https:\/\/www.nuclearenergy.sk\/wp-content\/uploads\/2026\/03\/20260215_192123-225x300.jpg 225w, https:\/\/www.nuclearenergy.sk\/wp-content\/uploads\/2026\/03\/20260215_192123-1152x1536.jpg 1152w, https:\/\/www.nuclearenergy.sk\/wp-content\/uploads\/2026\/03\/20260215_192123-1536x2048.jpg 1536w, https:\/\/www.nuclearenergy.sk\/wp-content\/uploads\/2026\/03\/20260215_192123-9x12.jpg 9w, https:\/\/www.nuclearenergy.sk\/wp-content\/uploads\/2026\/03\/20260215_192123-scaled.jpg 1920w\" sizes=\"auto, (max-width: 768px) 100vw, 768px\" \/><\/figure>\n<\/div>\n<\/div>\n<\/div>\n\n\n\n<p class=\"ext-animate--on\"><\/p>","protected":false},"excerpt":{"rendered":"<p>Autori projektu Na tomto projekte pracovali \u0161tudenti strednej priemyselnej \u0161koly dopravnej zo Zvolena s pomocou u\u010dite\u013eky Valent\u00edny Kalju\u017enej. Sebasti\u00e1n Mlynar\u010d\u00edk Andrej S\u00e1me\u013e<\/p>","protected":false},"author":1,"featured_media":0,"parent":0,"menu_order":0,"comment_status":"closed","ping_status":"closed","template":"page-with-title","meta":{"_monsterinsights_skip_tracking":false,"_monsterinsights_sitenote_active":false,"_monsterinsights_sitenote_note":"","_monsterinsights_sitenote_category":0,"footnotes":""},"class_list":["post-50","page","type-page","status-publish","hentry"],"_links":{"self":[{"href":"https:\/\/www.nuclearenergy.sk\/en\/wp-json\/wp\/v2\/pages\/50","targetHints":{"allow":["GET"]}}],"collection":[{"href":"https:\/\/www.nuclearenergy.sk\/en\/wp-json\/wp\/v2\/pages"}],"about":[{"href":"https:\/\/www.nuclearenergy.sk\/en\/wp-json\/wp\/v2\/types\/page"}],"author":[{"embeddable":true,"href":"https:\/\/www.nuclearenergy.sk\/en\/wp-json\/wp\/v2\/users\/1"}],"replies":[{"embeddable":true,"href":"https:\/\/www.nuclearenergy.sk\/en\/wp-json\/wp\/v2\/comments?post=50"}],"version-history":[{"count":4,"href":"https:\/\/www.nuclearenergy.sk\/en\/wp-json\/wp\/v2\/pages\/50\/revisions"}],"predecessor-version":[{"id":200,"href":"https:\/\/www.nuclearenergy.sk\/en\/wp-json\/wp\/v2\/pages\/50\/revisions\/200"}],"wp:attachment":[{"href":"https:\/\/www.nuclearenergy.sk\/en\/wp-json\/wp\/v2\/media?parent=50"}],"curies":[{"name":"wp","href":"https:\/\/api.w.org\/{rel}","templated":true}]}}